{"id":24,"date":"2022-02-06T08:21:03","date_gmt":"2022-02-06T08:21:03","guid":{"rendered":"https:\/\/xstore.8theme.com\/elementor\/demos\/minimal-electronics\/cart\/"},"modified":"2022-02-06T08:21:03","modified_gmt":"2022-02-06T08:21:03","slug":"cart-2","status":"publish","type":"page","link":"https:\/\/jaukuskampas.lt\/index.php\/cart-2\/","title":{"rendered":"Cart"},"content":{"rendered":"<div class=\"woocommerce\">\r\n<div class=\"woocommerce-notices-wrapper\"><\/div><div class=\"wc-empty-cart-message\">\n\t<div class=\"cart-empty woocommerce-info\">\n\t\tYour cart is currently empty.\t<\/div>\n<\/div>\r\n<div class=\"cart-empty empty-cart-block wc-empty-cart-message\">\r\n\t\t\t<h1 style=\"text-align: center\">Krep\u0161elis \u0161iuo metu tu\u0161\u010dias<\/h1>\n<p style=\"text-align: center\">Kvie\u010diame susipa\u017einti su m\u016bs\u0173 parduotuv\u0117s asortimentu. Tikrai rasite k\u0105 \u012fsirinkti!<\/p>\t\t\t\t<p><a class=\"btn black\" href=\"https:\/\/jaukuskampas.lt\/index.php\/shop-2\/\"><span>Gr\u012f\u017eti \u012f parduotuv\u0119<\/span><\/a><\/p>\r\n\t<\/div><\/div>\n","protected":false},"excerpt":{"rendered":"","protected":false},"author":1,"featured_media":0,"parent":0,"menu_order":0,"comment_status":"closed","ping_status":"closed","template":"","meta":{"footnotes":""},"yoast_head":"<!-- This site is optimized with the Yoast SEO plugin v23.4 - https:\/\/yoast.com\/wordpress\/plugins\/seo\/ -->\n<title>Cart - jaukuskampas.lt<\/title>\n<meta name=\"robots\" content=\"index, follow, max-snippet:-1, max-image-preview:large, max-video-preview:-1\" \/>\n<link rel=\"canonical\" href=\"https:\/\/jaukuskampas.lt\/index.php\/cart-2\/\" \/>\n<meta property=\"og:locale\" content=\"lt_LT\" \/>\n<meta property=\"og:type\" content=\"article\" \/>\n<meta property=\"og:title\" content=\"Cart - jaukuskampas.lt\" \/>\n<meta property=\"og:url\" content=\"https:\/\/jaukuskampas.lt\/index.php\/cart-2\/\" \/>\n<meta property=\"og:site_name\" content=\"jaukuskampas.lt\" \/>\n<meta name=\"twitter:card\" content=\"summary_large_image\" \/>\n<script type=\"application\/ld+json\" class=\"yoast-schema-graph\">{\"@context\":\"https:\/\/schema.org\",\"@graph\":[{\"@type\":\"WebPage\",\"@id\":\"https:\/\/jaukuskampas.lt\/index.php\/cart-2\/\",\"url\":\"https:\/\/jaukuskampas.lt\/index.php\/cart-2\/\",\"name\":\"Cart - jaukuskampas.lt\",\"isPartOf\":{\"@id\":\"https:\/\/jaukuskampas.lt\/#website\"},\"datePublished\":\"2022-02-06T08:21:03+00:00\",\"dateModified\":\"2022-02-06T08:21:03+00:00\",\"breadcrumb\":{\"@id\":\"https:\/\/jaukuskampas.lt\/index.php\/cart-2\/#breadcrumb\"},\"inLanguage\":\"lt-LT\",\"potentialAction\":[{\"@type\":\"ReadAction\",\"target\":[\"https:\/\/jaukuskampas.lt\/index.php\/cart-2\/\"]}]},{\"@type\":\"BreadcrumbList\",\"@id\":\"https:\/\/jaukuskampas.lt\/index.php\/cart-2\/#breadcrumb\",\"itemListElement\":[{\"@type\":\"ListItem\",\"position\":1,\"name\":\"Home\",\"item\":\"https:\/\/jaukuskampas.lt\/\"},{\"@type\":\"ListItem\",\"position\":2,\"name\":\"Cart\"}]},{\"@type\":\"WebSite\",\"@id\":\"https:\/\/jaukuskampas.lt\/#website\",\"url\":\"https:\/\/jaukuskampas.lt\/\",\"name\":\"jaukuskampas.lt\",\"description\":\"Geriausi pasi\u016blymai\",\"potentialAction\":[{\"@type\":\"SearchAction\",\"target\":{\"@type\":\"EntryPoint\",\"urlTemplate\":\"https:\/\/jaukuskampas.lt\/?s={search_term_string}\"},\"query-input\":{\"@type\":\"PropertyValueSpecification\",\"valueRequired\":true,\"valueName\":\"search_term_string\"}}],\"inLanguage\":\"lt-LT\"}]}<\/script>\n<!-- \/ Yoast SEO plugin. -->","yoast_head_json":{"title":"Cart - jaukuskampas.lt","robots":{"index":"index","follow":"follow","max-snippet":"max-snippet:-1","max-image-preview":"max-image-preview:large","max-video-preview":"max-video-preview:-1"},"canonical":"https:\/\/jaukuskampas.lt\/index.php\/cart-2\/","og_locale":"lt_LT","og_type":"article","og_title":"Cart - jaukuskampas.lt","og_url":"https:\/\/jaukuskampas.lt\/index.php\/cart-2\/","og_site_name":"jaukuskampas.lt","twitter_card":"summary_large_image","schema":{"@context":"https:\/\/schema.org","@graph":[{"@type":"WebPage","@id":"https:\/\/jaukuskampas.lt\/index.php\/cart-2\/","url":"https:\/\/jaukuskampas.lt\/index.php\/cart-2\/","name":"Cart - jaukuskampas.lt","isPartOf":{"@id":"https:\/\/jaukuskampas.lt\/#website"},"datePublished":"2022-02-06T08:21:03+00:00","dateModified":"2022-02-06T08:21:03+00:00","breadcrumb":{"@id":"https:\/\/jaukuskampas.lt\/index.php\/cart-2\/#breadcrumb"},"inLanguage":"lt-LT","potentialAction":[{"@type":"ReadAction","target":["https:\/\/jaukuskampas.lt\/index.php\/cart-2\/"]}]},{"@type":"BreadcrumbList","@id":"https:\/\/jaukuskampas.lt\/index.php\/cart-2\/#breadcrumb","itemListElement":[{"@type":"ListItem","position":1,"name":"Home","item":"https:\/\/jaukuskampas.lt\/"},{"@type":"ListItem","position":2,"name":"Cart"}]},{"@type":"WebSite","@id":"https:\/\/jaukuskampas.lt\/#website","url":"https:\/\/jaukuskampas.lt\/","name":"jaukuskampas.lt","description":"Geriausi pasi\u016blymai","potentialAction":[{"@type":"SearchAction","target":{"@type":"EntryPoint","urlTemplate":"https:\/\/jaukuskampas.lt\/?s={search_term_string}"},"query-input":{"@type":"PropertyValueSpecification","valueRequired":true,"valueName":"search_term_string"}}],"inLanguage":"lt-LT"}]}},"_links":{"self":[{"href":"https:\/\/jaukuskampas.lt\/index.php\/wp-json\/wp\/v2\/pages\/24"}],"collection":[{"href":"https:\/\/jaukuskampas.lt\/index.php\/wp-json\/wp\/v2\/pages"}],"about":[{"href":"https:\/\/jaukuskampas.lt\/index.php\/wp-json\/wp\/v2\/types\/page"}],"author":[{"embeddable":true,"href":"https:\/\/jaukuskampas.lt\/index.php\/wp-json\/wp\/v2\/users\/1"}],"replies":[{"embeddable":true,"href":"https:\/\/jaukuskampas.lt\/index.php\/wp-json\/wp\/v2\/comments?post=24"}],"version-history":[{"count":0,"href":"https:\/\/jaukuskampas.lt\/index.php\/wp-json\/wp\/v2\/pages\/24\/revisions"}],"wp:attachment":[{"href":"https:\/\/jaukuskampas.lt\/index.php\/wp-json\/wp\/v2\/media?parent=24"}],"curies":[{"name":"wp","href":"https:\/\/api.w.org\/{rel}","templated":true}]}}