{"id":26,"date":"2022-02-06T08:21:03","date_gmt":"2022-02-06T08:21:03","guid":{"rendered":"https:\/\/xstore.8theme.com\/elementor\/demos\/minimal-electronics\/my-account\/"},"modified":"2024-02-28T13:43:32","modified_gmt":"2024-02-28T13:43:32","slug":"my-account-2","status":"publish","type":"page","link":"https:\/\/jaukuskampas.lt\/index.php\/my-account-2\/","title":{"rendered":"Mano paskyra"},"content":{"rendered":"<div class=\"woocommerce\"><div class=\"woocommerce-notices-wrapper\"><\/div>\r\n\r\n\t\t<h2>Prisijungti<\/h2>\r\n\r\n        \r\n\t\t<form class=\"woocommerce-form woocommerce-form-login login\" method=\"post\" >\r\n\r\n\t\t\t\r\n\t\t\t<p class=\"woocommerce-form-row woocommerce-form-row--wide form-row form-row-wide\">\r\n\t\t\t\t<label for=\"username\">Vartotojo vardas arba el. pa\u0161tas&nbsp;<span class=\"required\" aria-hidden=\"true\">*<\/span><span class=\"screen-reader-text\">Privaloma<\/span><\/label>\r\n\t\t\t\t<input type=\"text\" class=\"woocommerce-Input woocommerce-Input--text input-text\" name=\"username\" required aria-required=\"true\"  id=\"username\" autocomplete=\"username\" value=\"\" \/>\t\t\t<\/p>\r\n\t\t\t<p class=\"woocommerce-form-row woocommerce-form-row--wide form-row form-row-wide\">\r\n\t\t\t\t<label for=\"password\">Slapta\u017eodis&nbsp;<span class=\"required\" aria-hidden=\"true\">*<\/span><span class=\"screen-reader-text\">Privaloma<\/span><\/label>\r\n\t\t\t\t<input class=\"woocommerce-Input woocommerce-Input--text input-text\" type=\"password\" name=\"password\" required aria-required=\"true\"  id=\"password\" autocomplete=\"current-password\" \/>\r\n\t\t\t<\/p>\r\n\r\n\t\t\t\r\n\t\t\t<p class=\"form-row form-row-wide flex justify-content-between align-center lost_password flex-wrap\">\r\n\t\t\t\t<label class=\"woocommerce-form__label woocommerce-form__label-for-checkbox woocommerce-form-login__rememberme\">\r\n\t\t\t\t\t<input class=\"woocommerce-form__input woocommerce-form__input-checkbox\" name=\"rememberme\" type=\"checkbox\" id=\"rememberme\" value=\"forever\" \/> <span>Prisiminti<\/span>\r\n\t\t\t\t<\/label>\r\n\t\t\t\t<a class=\"mob-hide\" href=\"https:\/\/jaukuskampas.lt\/index.php\/my-account-2\/lost-password\/\">Pamir\u0161ote slapta\u017eod\u012f?<\/a>\r\n\t\t\t<\/p>\r\n\t\t\t<p class=\"woocommerce-form-row woocommerce-form-row--wide form-row form-row-wide m0\">\r\n\t\t\t\t<input type=\"hidden\" id=\"woocommerce-login-nonce\" name=\"woocommerce-login-nonce\" value=\"ceb9ef69b8\" \/><input type=\"hidden\" name=\"_wp_http_referer\" value=\"\/index.php\/wp-json\/wp\/v2\/pages\/26\" \/>\t\t\t\t<button type=\"submit\" class=\"woocommerce-button button woocommerce-form-login__submit\" name=\"login\" value=\"Prisijungti\">Prisijungti<\/button>\r\n\t\t\t<\/p>\r\n            <p class=\"text-center lost_password dt-hide\">\r\n                <a href=\"https:\/\/jaukuskampas.lt\/index.php\/my-account-2\/lost-password\/\">Pamir\u0161ote slapta\u017eod\u012f?<\/a>\r\n            <\/p>\r\n\r\n\t\t\t\r\n\t\t<\/form>\r\n\r\n\r\n<\/div>\n","protected":false},"excerpt":{"rendered":"","protected":false},"author":1,"featured_media":0,"parent":0,"menu_order":0,"comment_status":"closed","ping_status":"closed","template":"","meta":{"footnotes":""},"yoast_head":"<!-- This site is optimized with the Yoast SEO plugin v23.4 - https:\/\/yoast.com\/wordpress\/plugins\/seo\/ -->\n<title>Mano paskyra - jaukuskampas.lt<\/title>\n<meta name=\"robots\" content=\"index, follow, max-snippet:-1, max-image-preview:large, max-video-preview:-1\" \/>\n<link rel=\"canonical\" href=\"https:\/\/jaukuskampas.lt\/index.php\/my-account-2\/\" \/>\n<meta property=\"og:locale\" content=\"lt_LT\" \/>\n<meta property=\"og:type\" content=\"article\" \/>\n<meta property=\"og:title\" content=\"Mano paskyra - jaukuskampas.lt\" \/>\n<meta property=\"og:url\" content=\"https:\/\/jaukuskampas.lt\/index.php\/my-account-2\/\" \/>\n<meta property=\"og:site_name\" content=\"jaukuskampas.lt\" \/>\n<meta property=\"article:modified_time\" content=\"2024-02-28T13:43:32+00:00\" \/>\n<meta name=\"twitter:card\" content=\"summary_large_image\" \/>\n<script type=\"application\/ld+json\" class=\"yoast-schema-graph\">{\"@context\":\"https:\/\/schema.org\",\"@graph\":[{\"@type\":\"WebPage\",\"@id\":\"https:\/\/jaukuskampas.lt\/index.php\/my-account-2\/\",\"url\":\"https:\/\/jaukuskampas.lt\/index.php\/my-account-2\/\",\"name\":\"Mano paskyra - jaukuskampas.lt\",\"isPartOf\":{\"@id\":\"https:\/\/jaukuskampas.lt\/#website\"},\"datePublished\":\"2022-02-06T08:21:03+00:00\",\"dateModified\":\"2024-02-28T13:43:32+00:00\",\"breadcrumb\":{\"@id\":\"https:\/\/jaukuskampas.lt\/index.php\/my-account-2\/#breadcrumb\"},\"inLanguage\":\"lt-LT\",\"potentialAction\":[{\"@type\":\"ReadAction\",\"target\":[\"https:\/\/jaukuskampas.lt\/index.php\/my-account-2\/\"]}]},{\"@type\":\"BreadcrumbList\",\"@id\":\"https:\/\/jaukuskampas.lt\/index.php\/my-account-2\/#breadcrumb\",\"itemListElement\":[{\"@type\":\"ListItem\",\"position\":1,\"name\":\"Home\",\"item\":\"https:\/\/jaukuskampas.lt\/\"},{\"@type\":\"ListItem\",\"position\":2,\"name\":\"Mano paskyra\"}]},{\"@type\":\"WebSite\",\"@id\":\"https:\/\/jaukuskampas.lt\/#website\",\"url\":\"https:\/\/jaukuskampas.lt\/\",\"name\":\"jaukuskampas.lt\",\"description\":\"Geriausi pasi\u016blymai\",\"potentialAction\":[{\"@type\":\"SearchAction\",\"target\":{\"@type\":\"EntryPoint\",\"urlTemplate\":\"https:\/\/jaukuskampas.lt\/?s={search_term_string}\"},\"query-input\":{\"@type\":\"PropertyValueSpecification\",\"valueRequired\":true,\"valueName\":\"search_term_string\"}}],\"inLanguage\":\"lt-LT\"}]}<\/script>\n<!-- \/ Yoast SEO plugin. -->","yoast_head_json":{"title":"Mano paskyra - jaukuskampas.lt","robots":{"index":"index","follow":"follow","max-snippet":"max-snippet:-1","max-image-preview":"max-image-preview:large","max-video-preview":"max-video-preview:-1"},"canonical":"https:\/\/jaukuskampas.lt\/index.php\/my-account-2\/","og_locale":"lt_LT","og_type":"article","og_title":"Mano paskyra - jaukuskampas.lt","og_url":"https:\/\/jaukuskampas.lt\/index.php\/my-account-2\/","og_site_name":"jaukuskampas.lt","article_modified_time":"2024-02-28T13:43:32+00:00","twitter_card":"summary_large_image","schema":{"@context":"https:\/\/schema.org","@graph":[{"@type":"WebPage","@id":"https:\/\/jaukuskampas.lt\/index.php\/my-account-2\/","url":"https:\/\/jaukuskampas.lt\/index.php\/my-account-2\/","name":"Mano paskyra - jaukuskampas.lt","isPartOf":{"@id":"https:\/\/jaukuskampas.lt\/#website"},"datePublished":"2022-02-06T08:21:03+00:00","dateModified":"2024-02-28T13:43:32+00:00","breadcrumb":{"@id":"https:\/\/jaukuskampas.lt\/index.php\/my-account-2\/#breadcrumb"},"inLanguage":"lt-LT","potentialAction":[{"@type":"ReadAction","target":["https:\/\/jaukuskampas.lt\/index.php\/my-account-2\/"]}]},{"@type":"BreadcrumbList","@id":"https:\/\/jaukuskampas.lt\/index.php\/my-account-2\/#breadcrumb","itemListElement":[{"@type":"ListItem","position":1,"name":"Home","item":"https:\/\/jaukuskampas.lt\/"},{"@type":"ListItem","position":2,"name":"Mano paskyra"}]},{"@type":"WebSite","@id":"https:\/\/jaukuskampas.lt\/#website","url":"https:\/\/jaukuskampas.lt\/","name":"jaukuskampas.lt","description":"Geriausi pasi\u016blymai","potentialAction":[{"@type":"SearchAction","target":{"@type":"EntryPoint","urlTemplate":"https:\/\/jaukuskampas.lt\/?s={search_term_string}"},"query-input":{"@type":"PropertyValueSpecification","valueRequired":true,"valueName":"search_term_string"}}],"inLanguage":"lt-LT"}]}},"_links":{"self":[{"href":"https:\/\/jaukuskampas.lt\/index.php\/wp-json\/wp\/v2\/pages\/26"}],"collection":[{"href":"https:\/\/jaukuskampas.lt\/index.php\/wp-json\/wp\/v2\/pages"}],"about":[{"href":"https:\/\/jaukuskampas.lt\/index.php\/wp-json\/wp\/v2\/types\/page"}],"author":[{"embeddable":true,"href":"https:\/\/jaukuskampas.lt\/index.php\/wp-json\/wp\/v2\/users\/1"}],"replies":[{"embeddable":true,"href":"https:\/\/jaukuskampas.lt\/index.php\/wp-json\/wp\/v2\/comments?post=26"}],"version-history":[{"count":1,"href":"https:\/\/jaukuskampas.lt\/index.php\/wp-json\/wp\/v2\/pages\/26\/revisions"}],"predecessor-version":[{"id":1495,"href":"https:\/\/jaukuskampas.lt\/index.php\/wp-json\/wp\/v2\/pages\/26\/revisions\/1495"}],"wp:attachment":[{"href":"https:\/\/jaukuskampas.lt\/index.php\/wp-json\/wp\/v2\/media?parent=26"}],"curies":[{"name":"wp","href":"https:\/\/api.w.org\/{rel}","templated":true}]}}