{"id":54,"date":"2022-02-06T09:58:41","date_gmt":"2022-02-06T09:58:41","guid":{"rendered":"https:\/\/xstore.8theme.com\/elementor\/demos\/minimal-electronics\/?page_id=54"},"modified":"2024-09-26T07:43:27","modified_gmt":"2024-09-26T07:43:27","slug":"kontaktai","status":"publish","type":"page","link":"https:\/\/jaukuskampas.lt\/index.php\/kontaktai\/","title":{"rendered":"Kontaktai"},"content":{"rendered":"\t\t<div data-elementor-type=\"wp-page\" data-elementor-id=\"54\" class=\"elementor elementor-54\">\n\t\t\t\t\t\t<section class=\"elementor-section elementor-top-section elementor-element elementor-element-289c744 elementor-section-boxed elementor-section-height-default elementor-section-height-default\" data-id=\"289c744\" data-element_type=\"section\">\n\t\t\t\t\t\t<div class=\"elementor-container elementor-column-gap-no\">\n\t\t\t\t\t<div class=\"elementor-column elementor-col-100 elementor-top-column elementor-element elementor-element-6bc9823\" data-id=\"6bc9823\" data-element_type=\"column\">\n\t\t\t<div class=\"elementor-widget-wrap elementor-element-populated\">\n\t\t\t\t\t\t<div class=\"elementor-element elementor-element-35460ee elementor-widget elementor-widget-heading\" data-id=\"35460ee\" data-element_type=\"widget\" data-widget_type=\"heading.default\">\n\t\t\t\t<div class=\"elementor-widget-container\">\n\t\t\t<h2 class=\"elementor-heading-title elementor-size-default\">M\u016bs\u0173 kontaktai<\/h2>\t\t<\/div>\n\t\t\t\t<\/div>\n\t\t\t\t\t<\/div>\n\t\t<\/div>\n\t\t\t\t\t<\/div>\n\t\t<\/section>\n\t\t\t\t<section class=\"elementor-section elementor-top-section elementor-element elementor-element-a7466c1 elementor-section-content-middle elementor-section-boxed elementor-section-height-default elementor-section-height-default\" data-id=\"a7466c1\" data-element_type=\"section\">\n\t\t\t\t\t\t<div class=\"elementor-container elementor-column-gap-no\">\n\t\t\t\t\t<div class=\"elementor-column elementor-col-50 elementor-top-column elementor-element elementor-element-45b27b75\" data-id=\"45b27b75\" data-element_type=\"column\">\n\t\t\t<div class=\"elementor-widget-wrap elementor-element-populated\">\n\t\t\t\t\t\t<div class=\"elementor-element elementor-element-dc40ec elementor-align-center elementor-widget elementor-widget-etheme_icon_box\" data-id=\"dc40ec\" data-element_type=\"widget\" data-widget_type=\"etheme_icon_box.default\">\n\t\t\t\t<div class=\"elementor-widget-container\">\n\t\t\t\t\t\t<div class=\"etheme-icon-box etheme-icon-box-icon-position-top\">\r\n        \r\n                            \r\n                <div class=\"etheme-icon-box-icon etheme-icon-box-icon-type-image\">\r\n        \r\n                <img decoding=\"async\" src=\"https:\/\/jaukuskampas.lt\/wp-content\/uploads\/2024\/09\/envelope-7.png\" title=\"envelope (7)\" alt=\"envelope (7)\" loading=\"lazy\" \/>        \r\n                <\/div>\r\n            \r\n                <div class=\"etheme-icon-box-content\">\r\n\t\t\r\n                                        \r\n                    \t\t\r\n                                            <p class=\"etheme-icon-box-description\">\r\n                            Turite klausim\u0173? Para\u0161ykite mums, atsakysime i\u0161 karto.                        <\/p>\r\n                    \r\n                            <a href=\"mailto:info@jaukuskampas.lt\" class=\"elementor-button-link elementor-button\" role=\"button\">\r\n                \r\n                    \r\n                <span class=\"button-text\">info@jaukuskampas.lt<\/span>\r\n                \r\n                    \r\n            <\/a>\r\n                    \r\n                <\/div>\r\n\t\t\t<\/div>\r\n\t\t\t\t<\/div>\n\t\t\t\t<\/div>\n\t\t\t\t\t<\/div>\n\t\t<\/div>\n\t\t\t\t<div class=\"elementor-column elementor-col-50 elementor-top-column elementor-element elementor-element-1343b102\" data-id=\"1343b102\" data-element_type=\"column\">\n\t\t\t<div class=\"elementor-widget-wrap elementor-element-populated\">\n\t\t\t\t\t\t<div class=\"elementor-element elementor-element-17ad708f elementor-align-center elementor-widget elementor-widget-etheme_icon_box\" data-id=\"17ad708f\" data-element_type=\"widget\" data-widget_type=\"etheme_icon_box.default\">\n\t\t\t\t<div class=\"elementor-widget-container\">\n\t\t\t\t\t\t<div class=\"etheme-icon-box etheme-icon-box-icon-position-top\">\r\n        \r\n                            \r\n                <div class=\"etheme-icon-box-icon etheme-icon-box-icon-type-image\">\r\n        \r\n                <img decoding=\"async\" src=\"https:\/\/jaukuskampas.lt\/wp-content\/uploads\/2024\/09\/marker-7.png\" title=\"marker (7)\" alt=\"marker (7)\" loading=\"lazy\" \/>        \r\n                <\/div>\r\n            \r\n                <div class=\"etheme-icon-box-content\">\r\n\t\t\r\n                                        \r\n                    \t\t\r\n                                            <p class=\"etheme-icon-box-description\">\r\n                            UAB Cargolot, \u012fm.k. 304840097, Kur\u0161i\u0173 2B, Vilnius,  03153, Lietuva                        <\/p>\r\n                    \r\n                            <a href=\"http:\/\/+370%20664%2008801\" class=\"elementor-button-link elementor-button\" role=\"button\">\r\n                \r\n                    \r\n                <span class=\"button-text\">Tel. nr. +370 602 25728<\/span>\r\n                \r\n                    \r\n            <\/a>\r\n                    \r\n                <\/div>\r\n\t\t\t<\/div>\r\n\t\t\t\t<\/div>\n\t\t\t\t<\/div>\n\t\t\t\t\t<\/div>\n\t\t<\/div>\n\t\t\t\t\t<\/div>\n\t\t<\/section>\n\t\t\t\t<section class=\"elementor-section elementor-top-section elementor-element elementor-element-1bfb259 elementor-section-boxed elementor-section-height-default elementor-section-height-default\" data-id=\"1bfb259\" data-element_type=\"section\">\n\t\t\t\t\t\t<div class=\"elementor-container elementor-column-gap-no\">\n\t\t\t\t\t<div class=\"elementor-column elementor-col-100 elementor-top-column elementor-element elementor-element-7411edd\" data-id=\"7411edd\" data-element_type=\"column\">\n\t\t\t<div class=\"elementor-widget-wrap elementor-element-populated\">\n\t\t\t\t\t\t<div class=\"elementor-element elementor-element-33f3cd7 elementor-widget elementor-widget-image\" data-id=\"33f3cd7\" data-element_type=\"widget\" data-widget_type=\"image.default\">\n\t\t\t\t<div class=\"elementor-widget-container\">\n\t\t\t\t\t\t\t\t\t\t\t\t\t<img loading=\"lazy\" loading=\"lazy\" decoding=\"async\" width=\"1600\" height=\"500\" src=\"https:\/\/jaukuskampas.lt\/wp-content\/uploads\/2024\/03\/Untitled-design-2024-03-03T143008.336.png\" class=\"attachment-full size-full wp-image-1678\" alt=\"\" \/>\t\t\t\t\t\t\t\t\t\t\t\t\t<\/div>\n\t\t\t\t<\/div>\n\t\t\t\t\t<\/div>\n\t\t<\/div>\n\t\t\t\t\t<\/div>\n\t\t<\/section>\n\t\t\t\t<section class=\"elementor-section elementor-top-section elementor-element elementor-element-4a2ff772 elementor-section-boxed elementor-section-height-default elementor-section-height-default\" data-id=\"4a2ff772\" data-element_type=\"section\">\n\t\t\t\t\t\t<div class=\"elementor-container elementor-column-gap-no\">\n\t\t\t\t\t<div class=\"elementor-column elementor-col-100 elementor-top-column elementor-element elementor-element-79ac4825\" data-id=\"79ac4825\" data-element_type=\"column\">\n\t\t\t<div class=\"elementor-widget-wrap elementor-element-populated\">\n\t\t\t\t\t\t<div class=\"elementor-element elementor-element-5e509b8 elementor-widget elementor-widget-heading\" data-id=\"5e509b8\" data-element_type=\"widget\" data-widget_type=\"heading.default\">\n\t\t\t\t<div class=\"elementor-widget-container\">\n\t\t\t<h2 class=\"elementor-heading-title elementor-size-default\">Susisiekite<\/h2>\t\t<\/div>\n\t\t\t\t<\/div>\n\t\t\t\t<div class=\"elementor-element elementor-element-f821361 etheme-contact-form-7-button-full-width elementor-widget elementor-widget-et-contact-form-7\" data-id=\"f821361\" data-element_type=\"widget\" data-widget_type=\"et-contact-form-7.default\">\n\t\t\t\t<div class=\"elementor-widget-container\">\n\t\t\t                <div class=\"pp-contact-form etheme-contact-form-7 placeholder-show\">\r\n                                        \n<div class=\"wpcf7 no-js\" id=\"wpcf7-f626-o1\" lang=\"en-US\" dir=\"ltr\">\n<div class=\"screen-reader-response\"><p role=\"status\" aria-live=\"polite\" aria-atomic=\"true\"><\/p> <ul><\/ul><\/div>\n<form action=\"\/index.php\/wp-json\/wp\/v2\/pages\/54#wpcf7-f626-o1\" method=\"post\" class=\"wpcf7-form init\" aria-label=\"Contact form\" novalidate=\"novalidate\" data-status=\"init\">\n<div style=\"display: none;\">\n<input type=\"hidden\" name=\"_wpcf7\" value=\"626\" \/>\n<input type=\"hidden\" name=\"_wpcf7_version\" value=\"5.9.8\" \/>\n<input type=\"hidden\" name=\"_wpcf7_locale\" value=\"en_US\" \/>\n<input type=\"hidden\" name=\"_wpcf7_unit_tag\" value=\"wpcf7-f626-o1\" \/>\n<input type=\"hidden\" name=\"_wpcf7_container_post\" value=\"0\" \/>\n<input type=\"hidden\" name=\"_wpcf7_posted_data_hash\" value=\"\" \/>\n<\/div>\n<div class=\"form-group\">\n\t<p><span class=\"wpcf7-form-control-wrap\" data-name=\"your-name\"><input size=\"40\" maxlength=\"400\" class=\"wpcf7-form-control wpcf7-text wpcf7-validates-as-required\" aria-required=\"true\" aria-invalid=\"false\" placeholder=\"Vardas\" value=\"\" type=\"text\" name=\"your-name\" \/><\/span>\n\t<\/p>\n\t<p><span class=\"wpcf7-form-control-wrap\" data-name=\"your-email\"><input size=\"40\" maxlength=\"400\" class=\"wpcf7-form-control wpcf7-email wpcf7-validates-as-required wpcf7-text wpcf7-validates-as-email\" aria-required=\"true\" aria-invalid=\"false\" placeholder=\"El. pa\u0161tas\" value=\"\" type=\"email\" name=\"your-email\" \/><\/span>\n\t<\/p>\n<\/div>\n<p><span class=\"wpcf7-form-control-wrap\" data-name=\"your-message\"><textarea cols=\"4\" rows=\"7\" maxlength=\"2000\" class=\"wpcf7-form-control wpcf7-textarea\" aria-invalid=\"false\" placeholder=\"J\u016bs\u0173 \u017einut\u0117\" name=\"your-message\"><\/textarea><\/span>\n<\/p>\n<p><input class=\"wpcf7-form-control wpcf7-submit has-spinner\" type=\"submit\" value=\"Si\u0173sti\" \/>\n<\/p><div class=\"wpcf7-response-output\" aria-hidden=\"true\"><\/div>\n<\/form>\n<\/div>\n                <\/div>\r\n                \t\t<\/div>\n\t\t\t\t<\/div>\n\t\t\t\t\t<\/div>\n\t\t<\/div>\n\t\t\t\t\t<\/div>\n\t\t<\/section>\n\t\t\t\t<\/div>\n\t\t","protected":false},"excerpt":{"rendered":"<p>&#8230;<\/p>\n","protected":false},"author":1,"featured_media":0,"parent":0,"menu_order":0,"comment_status":"closed","ping_status":"closed","template":"","meta":{"footnotes":""},"yoast_head":"<!-- This site is optimized with the Yoast SEO plugin v23.4 - https:\/\/yoast.com\/wordpress\/plugins\/seo\/ -->\n<title>Kontaktai - jaukuskampas.lt<\/title>\n<meta name=\"robots\" content=\"index, follow, max-snippet:-1, max-image-preview:large, max-video-preview:-1\" \/>\n<link rel=\"canonical\" href=\"https:\/\/jaukuskampas.lt\/index.php\/kontaktai\/\" \/>\n<meta property=\"og:locale\" content=\"lt_LT\" \/>\n<meta property=\"og:type\" content=\"article\" \/>\n<meta property=\"og:title\" content=\"Kontaktai - jaukuskampas.lt\" \/>\n<meta property=\"og:description\" content=\"...\" \/>\n<meta property=\"og:url\" content=\"https:\/\/jaukuskampas.lt\/index.php\/kontaktai\/\" \/>\n<meta property=\"og:site_name\" content=\"jaukuskampas.lt\" \/>\n<meta property=\"article:modified_time\" content=\"2024-09-26T07:43:27+00:00\" \/>\n<meta property=\"og:image\" content=\"http:\/\/jaukuskampas.lt\/wp-content\/uploads\/elementor\/thumbs\/envelope-7-quhauykd60o9sn9n3mnxb3hhupwk69z3pyrfsdmr5s.png\" \/>\n<meta name=\"twitter:card\" content=\"summary_large_image\" \/>\n<meta name=\"twitter:label1\" content=\"Est. reading time\" \/>\n\t<meta name=\"twitter:data1\" content=\"1 minut\u0117\" \/>\n<script type=\"application\/ld+json\" class=\"yoast-schema-graph\">{\"@context\":\"https:\/\/schema.org\",\"@graph\":[{\"@type\":\"WebPage\",\"@id\":\"https:\/\/jaukuskampas.lt\/index.php\/kontaktai\/\",\"url\":\"https:\/\/jaukuskampas.lt\/index.php\/kontaktai\/\",\"name\":\"Kontaktai - jaukuskampas.lt\",\"isPartOf\":{\"@id\":\"https:\/\/jaukuskampas.lt\/#website\"},\"primaryImageOfPage\":{\"@id\":\"https:\/\/jaukuskampas.lt\/index.php\/kontaktai\/#primaryimage\"},\"image\":{\"@id\":\"https:\/\/jaukuskampas.lt\/index.php\/kontaktai\/#primaryimage\"},\"thumbnailUrl\":\"http:\/\/jaukuskampas.lt\/wp-content\/uploads\/elementor\/thumbs\/envelope-7-quhauykd60o9sn9n3mnxb3hhupwk69z3pyrfsdmr5s.png\",\"datePublished\":\"2022-02-06T09:58:41+00:00\",\"dateModified\":\"2024-09-26T07:43:27+00:00\",\"breadcrumb\":{\"@id\":\"https:\/\/jaukuskampas.lt\/index.php\/kontaktai\/#breadcrumb\"},\"inLanguage\":\"lt-LT\",\"potentialAction\":[{\"@type\":\"ReadAction\",\"target\":[\"https:\/\/jaukuskampas.lt\/index.php\/kontaktai\/\"]}]},{\"@type\":\"ImageObject\",\"inLanguage\":\"lt-LT\",\"@id\":\"https:\/\/jaukuskampas.lt\/index.php\/kontaktai\/#primaryimage\",\"url\":\"http:\/\/jaukuskampas.lt\/wp-content\/uploads\/elementor\/thumbs\/envelope-7-quhauykd60o9sn9n3mnxb3hhupwk69z3pyrfsdmr5s.png\",\"contentUrl\":\"http:\/\/jaukuskampas.lt\/wp-content\/uploads\/elementor\/thumbs\/envelope-7-quhauykd60o9sn9n3mnxb3hhupwk69z3pyrfsdmr5s.png\"},{\"@type\":\"BreadcrumbList\",\"@id\":\"https:\/\/jaukuskampas.lt\/index.php\/kontaktai\/#breadcrumb\",\"itemListElement\":[{\"@type\":\"ListItem\",\"position\":1,\"name\":\"Home\",\"item\":\"https:\/\/jaukuskampas.lt\/\"},{\"@type\":\"ListItem\",\"position\":2,\"name\":\"Kontaktai\"}]},{\"@type\":\"WebSite\",\"@id\":\"https:\/\/jaukuskampas.lt\/#website\",\"url\":\"https:\/\/jaukuskampas.lt\/\",\"name\":\"jaukuskampas.lt\",\"description\":\"Geriausi pasi\u016blymai\",\"potentialAction\":[{\"@type\":\"SearchAction\",\"target\":{\"@type\":\"EntryPoint\",\"urlTemplate\":\"https:\/\/jaukuskampas.lt\/?s={search_term_string}\"},\"query-input\":{\"@type\":\"PropertyValueSpecification\",\"valueRequired\":true,\"valueName\":\"search_term_string\"}}],\"inLanguage\":\"lt-LT\"}]}<\/script>\n<!-- \/ Yoast SEO plugin. -->","yoast_head_json":{"title":"Kontaktai - jaukuskampas.lt","robots":{"index":"index","follow":"follow","max-snippet":"max-snippet:-1","max-image-preview":"max-image-preview:large","max-video-preview":"max-video-preview:-1"},"canonical":"https:\/\/jaukuskampas.lt\/index.php\/kontaktai\/","og_locale":"lt_LT","og_type":"article","og_title":"Kontaktai - jaukuskampas.lt","og_description":"...","og_url":"https:\/\/jaukuskampas.lt\/index.php\/kontaktai\/","og_site_name":"jaukuskampas.lt","article_modified_time":"2024-09-26T07:43:27+00:00","og_image":[{"url":"http:\/\/jaukuskampas.lt\/wp-content\/uploads\/elementor\/thumbs\/envelope-7-quhauykd60o9sn9n3mnxb3hhupwk69z3pyrfsdmr5s.png"}],"twitter_card":"summary_large_image","twitter_misc":{"Est. reading time":"1 minut\u0117"},"schema":{"@context":"https:\/\/schema.org","@graph":[{"@type":"WebPage","@id":"https:\/\/jaukuskampas.lt\/index.php\/kontaktai\/","url":"https:\/\/jaukuskampas.lt\/index.php\/kontaktai\/","name":"Kontaktai - jaukuskampas.lt","isPartOf":{"@id":"https:\/\/jaukuskampas.lt\/#website"},"primaryImageOfPage":{"@id":"https:\/\/jaukuskampas.lt\/index.php\/kontaktai\/#primaryimage"},"image":{"@id":"https:\/\/jaukuskampas.lt\/index.php\/kontaktai\/#primaryimage"},"thumbnailUrl":"http:\/\/jaukuskampas.lt\/wp-content\/uploads\/elementor\/thumbs\/envelope-7-quhauykd60o9sn9n3mnxb3hhupwk69z3pyrfsdmr5s.png","datePublished":"2022-02-06T09:58:41+00:00","dateModified":"2024-09-26T07:43:27+00:00","breadcrumb":{"@id":"https:\/\/jaukuskampas.lt\/index.php\/kontaktai\/#breadcrumb"},"inLanguage":"lt-LT","potentialAction":[{"@type":"ReadAction","target":["https:\/\/jaukuskampas.lt\/index.php\/kontaktai\/"]}]},{"@type":"ImageObject","inLanguage":"lt-LT","@id":"https:\/\/jaukuskampas.lt\/index.php\/kontaktai\/#primaryimage","url":"http:\/\/jaukuskampas.lt\/wp-content\/uploads\/elementor\/thumbs\/envelope-7-quhauykd60o9sn9n3mnxb3hhupwk69z3pyrfsdmr5s.png","contentUrl":"http:\/\/jaukuskampas.lt\/wp-content\/uploads\/elementor\/thumbs\/envelope-7-quhauykd60o9sn9n3mnxb3hhupwk69z3pyrfsdmr5s.png"},{"@type":"BreadcrumbList","@id":"https:\/\/jaukuskampas.lt\/index.php\/kontaktai\/#breadcrumb","itemListElement":[{"@type":"ListItem","position":1,"name":"Home","item":"https:\/\/jaukuskampas.lt\/"},{"@type":"ListItem","position":2,"name":"Kontaktai"}]},{"@type":"WebSite","@id":"https:\/\/jaukuskampas.lt\/#website","url":"https:\/\/jaukuskampas.lt\/","name":"jaukuskampas.lt","description":"Geriausi pasi\u016blymai","potentialAction":[{"@type":"SearchAction","target":{"@type":"EntryPoint","urlTemplate":"https:\/\/jaukuskampas.lt\/?s={search_term_string}"},"query-input":{"@type":"PropertyValueSpecification","valueRequired":true,"valueName":"search_term_string"}}],"inLanguage":"lt-LT"}]}},"_links":{"self":[{"href":"https:\/\/jaukuskampas.lt\/index.php\/wp-json\/wp\/v2\/pages\/54"}],"collection":[{"href":"https:\/\/jaukuskampas.lt\/index.php\/wp-json\/wp\/v2\/pages"}],"about":[{"href":"https:\/\/jaukuskampas.lt\/index.php\/wp-json\/wp\/v2\/types\/page"}],"author":[{"embeddable":true,"href":"https:\/\/jaukuskampas.lt\/index.php\/wp-json\/wp\/v2\/users\/1"}],"replies":[{"embeddable":true,"href":"https:\/\/jaukuskampas.lt\/index.php\/wp-json\/wp\/v2\/comments?post=54"}],"version-history":[{"count":49,"href":"https:\/\/jaukuskampas.lt\/index.php\/wp-json\/wp\/v2\/pages\/54\/revisions"}],"predecessor-version":[{"id":2466,"href":"https:\/\/jaukuskampas.lt\/index.php\/wp-json\/wp\/v2\/pages\/54\/revisions\/2466"}],"wp:attachment":[{"href":"https:\/\/jaukuskampas.lt\/index.php\/wp-json\/wp\/v2\/media?parent=54"}],"curies":[{"name":"wp","href":"https:\/\/api.w.org\/{rel}","templated":true}]}}